{"id":322,"date":"2019-12-09T12:56:49","date_gmt":"2019-12-09T11:56:49","guid":{"rendered":"https:\/\/hlocky.sk\/domov\/"},"modified":"2020-07-21T11:29:33","modified_gmt":"2020-07-21T09:29:33","slug":"domov","status":"publish","type":"page","link":"https:\/\/hlocky.sk\/ru\/","title":{"rendered":"Hlock\u00fd"},"content":{"rendered":"","protected":false},"excerpt":{"rendered":"","protected":false},"author":1,"featured_media":0,"parent":0,"menu_order":0,"comment_status":"closed","ping_status":"closed","template":"","meta":{"footnotes":""},"class_list":["post-322","page","type-page","status-publish","hentry"],"yoast_head":"<!-- This site is optimized with the Yoast SEO plugin v25.1 - https:\/\/yoast.com\/wordpress\/plugins\/seo\/ -->\n<title>Hlock\u00fd - Hlock\u00fd<\/title>\n<meta name=\"robots\" content=\"index, follow, max-snippet:-1, max-image-preview:large, max-video-preview:-1\" \/>\n<link rel=\"canonical\" href=\"https:\/\/hlocky.sk\/ru\/\" \/>\n<meta property=\"og:locale\" content=\"ru_RU\" \/>\n<meta property=\"og:type\" content=\"article\" \/>\n<meta property=\"og:title\" content=\"Hlock\u00fd - Hlock\u00fd\" \/>\n<meta property=\"og:url\" content=\"https:\/\/hlocky.sk\/ru\/\" \/>\n<meta property=\"og:site_name\" content=\"Hlock\u00fd\" \/>\n<meta property=\"article:modified_time\" content=\"2020-07-21T09:29:33+00:00\" \/>\n<meta name=\"twitter:card\" content=\"summary_large_image\" \/>\n<script type=\"application\/ld+json\" class=\"yoast-schema-graph\">{\"@context\":\"https:\/\/schema.org\",\"@graph\":[{\"@type\":\"WebPage\",\"@id\":\"https:\/\/hlocky.sk\/ru\/\",\"url\":\"https:\/\/hlocky.sk\/ru\/\",\"name\":\"Hlock\u00fd - Hlock\u00fd\",\"isPartOf\":{\"@id\":\"https:\/\/hlocky.sk\/#website\"},\"datePublished\":\"2019-12-09T11:56:49+00:00\",\"dateModified\":\"2020-07-21T09:29:33+00:00\",\"breadcrumb\":{\"@id\":\"https:\/\/hlocky.sk\/ru\/#breadcrumb\"},\"inLanguage\":\"ru-RU\",\"potentialAction\":[{\"@type\":\"ReadAction\",\"target\":[\"https:\/\/hlocky.sk\/ru\/\"]}]},{\"@type\":\"BreadcrumbList\",\"@id\":\"https:\/\/hlocky.sk\/ru\/#breadcrumb\",\"itemListElement\":[{\"@type\":\"ListItem\",\"position\":1,\"name\":\"Home\",\"item\":\"https:\/\/hlocky.sk\/ru\/\"},{\"@type\":\"ListItem\",\"position\":2,\"name\":\"Hlock\u00fd\"}]},{\"@type\":\"WebSite\",\"@id\":\"https:\/\/hlocky.sk\/#website\",\"url\":\"https:\/\/hlocky.sk\/\",\"name\":\"Hlock\u00fd\",\"description\":\"Bezpe\u010dnos\u0165 pri pr\u00e1ci\",\"potentialAction\":[{\"@type\":\"SearchAction\",\"target\":{\"@type\":\"EntryPoint\",\"urlTemplate\":\"https:\/\/hlocky.sk\/?s={search_term_string}\"},\"query-input\":{\"@type\":\"PropertyValueSpecification\",\"valueRequired\":true,\"valueName\":\"search_term_string\"}}],\"inLanguage\":\"ru-RU\"}]}<\/script>\n<!-- \/ Yoast SEO plugin. -->","yoast_head_json":{"title":"Hlock\u00fd - Hlock\u00fd","robots":{"index":"index","follow":"follow","max-snippet":"max-snippet:-1","max-image-preview":"max-image-preview:large","max-video-preview":"max-video-preview:-1"},"canonical":"https:\/\/hlocky.sk\/ru\/","og_locale":"ru_RU","og_type":"article","og_title":"Hlock\u00fd - Hlock\u00fd","og_url":"https:\/\/hlocky.sk\/ru\/","og_site_name":"Hlock\u00fd","article_modified_time":"2020-07-21T09:29:33+00:00","twitter_card":"summary_large_image","schema":{"@context":"https:\/\/schema.org","@graph":[{"@type":"WebPage","@id":"https:\/\/hlocky.sk\/ru\/","url":"https:\/\/hlocky.sk\/ru\/","name":"Hlock\u00fd - Hlock\u00fd","isPartOf":{"@id":"https:\/\/hlocky.sk\/#website"},"datePublished":"2019-12-09T11:56:49+00:00","dateModified":"2020-07-21T09:29:33+00:00","breadcrumb":{"@id":"https:\/\/hlocky.sk\/ru\/#breadcrumb"},"inLanguage":"ru-RU","potentialAction":[{"@type":"ReadAction","target":["https:\/\/hlocky.sk\/ru\/"]}]},{"@type":"BreadcrumbList","@id":"https:\/\/hlocky.sk\/ru\/#breadcrumb","itemListElement":[{"@type":"ListItem","position":1,"name":"Home","item":"https:\/\/hlocky.sk\/ru\/"},{"@type":"ListItem","position":2,"name":"Hlock\u00fd"}]},{"@type":"WebSite","@id":"https:\/\/hlocky.sk\/#website","url":"https:\/\/hlocky.sk\/","name":"Hlock\u00fd","description":"Bezpe\u010dnos\u0165 pri pr\u00e1ci","potentialAction":[{"@type":"SearchAction","target":{"@type":"EntryPoint","urlTemplate":"https:\/\/hlocky.sk\/?s={search_term_string}"},"query-input":{"@type":"PropertyValueSpecification","valueRequired":true,"valueName":"search_term_string"}}],"inLanguage":"ru-RU"}]}},"_links":{"self":[{"href":"https:\/\/hlocky.sk\/ru\/wp-json\/wp\/v2\/pages\/322","targetHints":{"allow":["GET"]}}],"collection":[{"href":"https:\/\/hlocky.sk\/ru\/wp-json\/wp\/v2\/pages"}],"about":[{"href":"https:\/\/hlocky.sk\/ru\/wp-json\/wp\/v2\/types\/page"}],"author":[{"embeddable":true,"href":"https:\/\/hlocky.sk\/ru\/wp-json\/wp\/v2\/users\/1"}],"replies":[{"embeddable":true,"href":"https:\/\/hlocky.sk\/ru\/wp-json\/wp\/v2\/comments?post=322"}],"version-history":[{"count":1,"href":"https:\/\/hlocky.sk\/ru\/wp-json\/wp\/v2\/pages\/322\/revisions"}],"predecessor-version":[{"id":324,"href":"https:\/\/hlocky.sk\/ru\/wp-json\/wp\/v2\/pages\/322\/revisions\/324"}],"wp:attachment":[{"href":"https:\/\/hlocky.sk\/ru\/wp-json\/wp\/v2\/media?parent=322"}],"curies":[{"name":"wp","href":"https:\/\/api.w.org\/{rel}","templated":true}]}}